{"id":596,"date":"2015-10-26T19:46:52","date_gmt":"2015-10-26T19:46:52","guid":{"rendered":"http:\/\/fed-fede.ca\/fr\/?page_id=596"},"modified":"2015-10-26T19:48:19","modified_gmt":"2015-10-26T19:48:19","slug":"liberal-party-of-canada-fisheries-policy-commitments","status":"publish","type":"page","link":"https:\/\/fed-fede.ca\/fr\/liberal-party-of-canada-fisheries-policy-commitments\/","title":{"rendered":"Les engagements du Parti Lib\u00e9ral du Canada en mati\u00e8re de politiques de p\u00eaches."},"content":{"rendered":"<p>Cliquez sur le logo du Parti Lib\u00e9ral du Canada pour voir ses engagements \u00e0 la F\u00e9d\u00e9ration en mati\u00e8res de politiques de p\u00eaches. Vous pouvez aussi <a href=\"http:\/\/fed-fede.ca\/wp-content-fed\/uploads\/2015\/10\/Lib.xls\">cliquer ici<\/a> pour t\u00e9l\u00e9charger un fichier Excel pour voir les commentaires des candidats Lib\u00e9raux qui ont r\u00e9pondu au sondage \u00e9lectoral 2015 de la F\u00e9d\u00e9ration.<\/p>\n<p style=\"margin: 2em 0; text-align: center;\"><a href=\"http:\/\/fed-fede.ca\/wp-content-fed\/uploads\/2015\/10\/Liberal-party.pdf\" target=\"_blank\"><img loading=\"lazy\" decoding=\"async\" width=\"300\" height=\"129\" class=\"alignnone size-medium wp-image-439\" style=\"width: 100%; max-width: 300px;\" src=\"http:\/\/fed-fede.ca\/wp-content-fed\/uploads\/2015\/10\/liberal-300x129.png\" alt=\"liberal\" srcset=\"https:\/\/fed-fede.ca\/wp-content\/uploads\/2015\/10\/liberal-300x129.png 300w, https:\/\/fed-fede.ca\/wp-content\/uploads\/2015\/10\/liberal-100x43.png 100w, https:\/\/fed-fede.ca\/wp-content\/uploads\/2015\/10\/liberal-150x65.png 150w, https:\/\/fed-fede.ca\/wp-content\/uploads\/2015\/10\/liberal.png 400w, https:\/\/fed-fede.ca\/wp-content\/uploads\/2015\/10\/liberal-75x32.png 75w, https:\/\/fed-fede.ca\/wp-content\/uploads\/2015\/10\/liberal-200x86.png 200w\" sizes=\"auto, (max-width: 300px) 100vw, 300px\" \/><\/a><\/p>\n","protected":false},"excerpt":{"rendered":"<p>Cliquez sur le logo du Parti Lib\u00e9ral du Canada pour voir ses engagements \u00e0 la F\u00e9d\u00e9ration en mati\u00e8res de politiques de p\u00eaches. Vous pouvez aussi cliquer ici pour t\u00e9l\u00e9charger un fichier Excel pour voir les commentaires des candidats Lib\u00e9raux qui ont r\u00e9pondu au sondage \u00e9lectoral 2015 de la F\u00e9d\u00e9ration.<\/p>\n","protected":false},"author":2,"featured_media":0,"parent":0,"menu_order":0,"comment_status":"closed","ping_status":"closed","template":"","meta":{"footnotes":""},"class_list":["post-596","page","type-page","status-publish","hentry"],"_links":{"self":[{"href":"https:\/\/fed-fede.ca\/fr\/wp-json\/wp\/v2\/pages\/596","targetHints":{"allow":["GET"]}}],"collection":[{"href":"https:\/\/fed-fede.ca\/fr\/wp-json\/wp\/v2\/pages"}],"about":[{"href":"https:\/\/fed-fede.ca\/fr\/wp-json\/wp\/v2\/types\/page"}],"author":[{"embeddable":true,"href":"https:\/\/fed-fede.ca\/fr\/wp-json\/wp\/v2\/users\/2"}],"replies":[{"embeddable":true,"href":"https:\/\/fed-fede.ca\/fr\/wp-json\/wp\/v2\/comments?post=596"}],"version-history":[{"count":2,"href":"https:\/\/fed-fede.ca\/fr\/wp-json\/wp\/v2\/pages\/596\/revisions"}],"predecessor-version":[{"id":598,"href":"https:\/\/fed-fede.ca\/fr\/wp-json\/wp\/v2\/pages\/596\/revisions\/598"}],"wp:attachment":[{"href":"https:\/\/fed-fede.ca\/fr\/wp-json\/wp\/v2\/media?parent=596"}],"curies":[{"name":"wp","href":"https:\/\/api.w.org\/{rel}","templated":true}]}}