{"id":467,"date":"2015-10-05T19:23:27","date_gmt":"2015-10-05T19:23:27","guid":{"rendered":"http:\/\/fed-fede.ca\/fr\/?page_id=467"},"modified":"2015-10-05T20:37:44","modified_gmt":"2015-10-05T20:37:44","slug":"sondage-elections-2015","status":"publish","type":"page","link":"https:\/\/fed-fede.ca\/fr\/sondage-elections-2015\/","title":{"rendered":"Sondage \u00c9lections 2015"},"content":{"rendered":"<p>La F\u00e9d\u00e9ration des p\u00eacheurs ind\u00e9pendants du Canada a r\u00e9alis\u00e9 un sondage aupr\u00e8s des chefs des partis et leurs candidats dans 70 circonscriptions sur des questions de politiques de p\u00eaches de grande importance pour nos membres. (Voir <a href=\"http:\/\/fed-fede.ca\/wp-content-fed\/uploads\/2015\/10\/Communiqu\u00e9r\u00e9sultats151006.pdf\">communiqu\u00e9<\/a> et <a href=\"http:\/\/fed-fede.ca\/wp-content-fed\/uploads\/2015\/10\/SondageFran\u00e7ais.pdf\">sondage<\/a>).<\/p>\n<p>En cliquant sur le logo des partis ci-dessous vous pouvez consulter leurs r\u00e9ponses au sondage.<\/p>\n<p>Vous pouvez aussi faire une recherche du pour voir les r\u00e9ponses des candidats individuels qui ont r\u00e9pondu.<\/p>\n<p>Vous pouvez aussi faire une recherche du\u00a0<a href=\"http:\/\/fed-fede.ca\/wp-content-fed\/uploads\/2015\/10\/FrEn-Complete-Final151005.xls\">fichier excel<\/a><span lang=\"FR\">\u00a0pour voir les r\u00e9ponses des candidats qui ont r\u00e9pondu au sondage ou lire leurs commentaire en consultant le\u00a0<a href=\"http:\/\/fed-fede.ca\/wp-content-fed\/uploads\/2015\/10\/\u00c9lections-2015-Commentaires-des-candidats.pdf\">fichier pdf<\/a>\u00a0ci-joint.<\/p>\n<table style=\"width: 100%; border: 0; margin: 3em 0 4em;\" border=\"0\" cellpadding=\"5\">\n<tbody>\n<tr>\n<td style=\"border: 0px; vertical-align: bottom; text-align: left; padding: 0 0 2em;\"><a href=\"http:\/\/fed-fede.ca\/wp-content-fed\/uploads\/2015\/10\/Liberal-party.pdf\"><img loading=\"lazy\" decoding=\"async\" class=\"alignnone size-medium wp-image-439\" src=\"http:\/\/fed-fede.ca\/wp-content-fed\/uploads\/2015\/10\/liberal-300x129.png\" alt=\"liberal\" width=\"300\" height=\"129\" srcset=\"https:\/\/fed-fede.ca\/wp-content\/uploads\/2015\/10\/liberal-300x129.png 300w, https:\/\/fed-fede.ca\/wp-content\/uploads\/2015\/10\/liberal-100x43.png 100w, https:\/\/fed-fede.ca\/wp-content\/uploads\/2015\/10\/liberal-150x65.png 150w, https:\/\/fed-fede.ca\/wp-content\/uploads\/2015\/10\/liberal.png 400w, https:\/\/fed-fede.ca\/wp-content\/uploads\/2015\/10\/liberal-75x32.png 75w, https:\/\/fed-fede.ca\/wp-content\/uploads\/2015\/10\/liberal-200x86.png 200w\" sizes=\"auto, (max-width: 300px) 100vw, 300px\" \/><\/a><\/td>\n<td style=\"border: 0px; vertical-align: bottom; text-align: left; padding: 0 0 2em;\"><a href=\"http:\/\/fed-fede.ca\/wp-content-fed\/uploads\/2015\/10\/NDP-FR.pdf\"><img loading=\"lazy\" decoding=\"async\" class=\"alignnone size-medium wp-image-441\" src=\"http:\/\/fed-fede.ca\/wp-content-fed\/uploads\/2015\/10\/ndp_fr-300x74.png\" alt=\"ndp_fr\" width=\"300\" height=\"74\" srcset=\"https:\/\/fed-fede.ca\/wp-content\/uploads\/2015\/10\/ndp_fr-300x74.png 300w, https:\/\/fed-fede.ca\/wp-content\/uploads\/2015\/10\/ndp_fr-100x25.png 100w, https:\/\/fed-fede.ca\/wp-content\/uploads\/2015\/10\/ndp_fr-150x37.png 150w, https:\/\/fed-fede.ca\/wp-content\/uploads\/2015\/10\/ndp_fr.png 400w, https:\/\/fed-fede.ca\/wp-content\/uploads\/2015\/10\/ndp_fr-75x18.png 75w, https:\/\/fed-fede.ca\/wp-content\/uploads\/2015\/10\/ndp_fr-200x49.png 200w\" sizes=\"auto, (max-width: 300px) 100vw, 300px\" \/><\/a><\/td>\n<td style=\"border: 0px; vertical-align: bottom; text-align: left; padding: 0 0 2em;\"><a href=\"http:\/\/fed-fede.ca\/wp-content-fed\/uploads\/2015\/10\/Green-party-Elizabeth-May1.pdf\"><img loading=\"lazy\" decoding=\"async\" class=\"alignnone size-medium wp-image-438\" src=\"http:\/\/fed-fede.ca\/wp-content-fed\/uploads\/2015\/10\/green_fr-300x117.png\" alt=\"green_fr\" width=\"300\" height=\"117\" srcset=\"https:\/\/fed-fede.ca\/wp-content\/uploads\/2015\/10\/green_fr-300x117.png 300w, https:\/\/fed-fede.ca\/wp-content\/uploads\/2015\/10\/green_fr-100x39.png 100w, https:\/\/fed-fede.ca\/wp-content\/uploads\/2015\/10\/green_fr-150x59.png 150w, https:\/\/fed-fede.ca\/wp-content\/uploads\/2015\/10\/green_fr.png 400w, https:\/\/fed-fede.ca\/wp-content\/uploads\/2015\/10\/green_fr-75x29.png 75w, https:\/\/fed-fede.ca\/wp-content\/uploads\/2015\/10\/green_fr-200x78.png 200w\" sizes=\"auto, (max-width: 300px) 100vw, 300px\" \/><\/a><\/td>\n<\/tr>\n<tr>\n<td style=\"border: 0px; vertical-align: bottom; text-align: left; padding: 0 0 2em;\">\u00a0<a href=\"http:\/\/fed-fede.ca\/wp-content-fed\/uploads\/2015\/10\/Parti-Conservateur-du-Canada.pdf\"><img loading=\"lazy\" decoding=\"async\" class=\"alignnone size-medium wp-image-483\" src=\"http:\/\/fed-fede.ca\/wp-content-fed\/uploads\/2015\/10\/logo_fr1-300x75.png\" alt=\"logo_en\" width=\"300\" height=\"75\" \/><\/a><\/td>\n<td style=\"border: 0px; vertical-align: bottom; text-align: left; padding: 0 0 2em;\"><a href=\"http:\/\/fed-fede.ca\/wp-content-fed\/uploads\/2015\/10\/Bloc-qu\u00e9b\u00e9cois.pdf\"><img loading=\"lazy\" decoding=\"async\" class=\"alignnone size-medium wp-image-483\" src=\"http:\/\/fed-fede.ca\/wp-content-fed\/uploads\/2015\/10\/640px-Bloc_Qu\u00e9b\u00e9cois.svg_-300x92.png\" alt=\"640px-Bloc_Qu\u00e9b\u00e9cois.svg\" width=\"300\" height=\"92\" srcset=\"https:\/\/fed-fede.ca\/wp-content\/uploads\/2015\/10\/640px-Bloc_Qu\u00e9b\u00e9cois.svg_-300x92.png 300w, https:\/\/fed-fede.ca\/wp-content\/uploads\/2015\/10\/640px-Bloc_Qu\u00e9b\u00e9cois.svg_-100x31.png 100w, https:\/\/fed-fede.ca\/wp-content\/uploads\/2015\/10\/640px-Bloc_Qu\u00e9b\u00e9cois.svg_-150x46.png 150w, https:\/\/fed-fede.ca\/wp-content\/uploads\/2015\/10\/640px-Bloc_Qu\u00e9b\u00e9cois.svg_.png 400w, https:\/\/fed-fede.ca\/wp-content\/uploads\/2015\/10\/640px-Bloc_Qu\u00e9b\u00e9cois.svg_-75x23.png 75w, https:\/\/fed-fede.ca\/wp-content\/uploads\/2015\/10\/640px-Bloc_Qu\u00e9b\u00e9cois.svg_-200x62.png 200w\" sizes=\"auto, (max-width: 300px) 100vw, 300px\" \/><\/a>\u00a0<\/td>\n<td style=\"border: 0px; vertical-align: bottom; text-align: left; padding: 0 0 2em;\">\u00a0<\/td>\n<\/tr>\n<\/tbody>\n<\/table>\n","protected":false},"excerpt":{"rendered":"<p>La F\u00e9d\u00e9ration des p\u00eacheurs ind\u00e9pendants du Canada a r\u00e9alis\u00e9 un sondage aupr\u00e8s des chefs des partis et leurs candidats dans 70 circonscriptions sur des questions de politiques de p\u00eaches de grande importance pour nos membres. (Voir communiqu\u00e9 et sondage). En cliquant sur le logo des partis ci-dessous vous pouvez consulter leurs r\u00e9ponses au sondage. Vous [&hellip;]<\/p>\n","protected":false},"author":2,"featured_media":0,"parent":0,"menu_order":0,"comment_status":"closed","ping_status":"closed","template":"","meta":{"footnotes":""},"class_list":["post-467","page","type-page","status-publish","hentry"],"_links":{"self":[{"href":"https:\/\/fed-fede.ca\/fr\/wp-json\/wp\/v2\/pages\/467","targetHints":{"allow":["GET"]}}],"collection":[{"href":"https:\/\/fed-fede.ca\/fr\/wp-json\/wp\/v2\/pages"}],"about":[{"href":"https:\/\/fed-fede.ca\/fr\/wp-json\/wp\/v2\/types\/page"}],"author":[{"embeddable":true,"href":"https:\/\/fed-fede.ca\/fr\/wp-json\/wp\/v2\/users\/2"}],"replies":[{"embeddable":true,"href":"https:\/\/fed-fede.ca\/fr\/wp-json\/wp\/v2\/comments?post=467"}],"version-history":[{"count":13,"href":"https:\/\/fed-fede.ca\/fr\/wp-json\/wp\/v2\/pages\/467\/revisions"}],"predecessor-version":[{"id":508,"href":"https:\/\/fed-fede.ca\/fr\/wp-json\/wp\/v2\/pages\/467\/revisions\/508"}],"wp:attachment":[{"href":"https:\/\/fed-fede.ca\/fr\/wp-json\/wp\/v2\/media?parent=467"}],"curies":[{"name":"wp","href":"https:\/\/api.w.org\/{rel}","templated":true}]}}