{"id":275,"date":"2015-09-29T17:29:42","date_gmt":"2015-09-29T17:29:42","guid":{"rendered":"http:\/\/fed-fede.ca\/fr\/?page_id=275"},"modified":"2021-09-16T21:41:24","modified_gmt":"2021-09-16T21:41:24","slug":"publications","status":"publish","type":"page","link":"https:\/\/fed-fede.ca\/fr\/publications\/","title":{"rendered":"Publications"},"content":{"rendered":"<div class=\"files\"><a href=\"https:\/\/fed-fede.ca\/wp-content\/uploads\/2015\/09\/Press-release-on-FHB-Clawback-_FR.pdf\" target=\"_blank\" class=\"file document \" download><span class=\"icon icon-down-circled2\"><\/span><h5>R\u00e9cup\u00e9ration de la prestation aux p\u00eacheurs par le f\u00e9d\u00e9ral : des milliers de p\u00eacheurs en situation financi\u00e8re pr\u00e9caire<\/h5><div class=\"meta\">PDF, 126&nbsp;kB<\/div><\/a><a href=\"https:\/\/fed-fede.ca\/wp-content\/uploads\/2015\/09\/CIFHF-statement-on-reconciliation-workshops-FRs.pdf\" target=\"_blank\" class=\"file document \" download><span class=\"icon icon-down-circled2\"><\/span><h5>La F\u00e9d\u00e9ration des p\u00eacheurs ind\u00e9pendants du Canada participe \u00e0 des ateliers de r\u00e9conciliation<\/h5><div class=\"meta\">PDF, 120&nbsp;kB<\/div><\/a><a href=\"https:\/\/fed-fede.ca\/wp-content\/uploads\/2015\/09\/FPIC-PE-CG2-D\u00e9claration_FR.pdf\" target=\"_blank\" class=\"file document \" download><span class=\"icon icon-down-circled2\"><\/span><h5>La F\u00e9d\u00e9ration des p\u00eacheurs ind\u00e9pendants du Canada fait l\u2019\u00e9loge de la r\u00e9glementation historique relative au propri\u00e9taire-exploitant et \u00e0 la s\u00e9paration des flottilles<\/h5><div class=\"meta\">PDF, 156&nbsp;kB<\/div><\/a><a href=\"https:\/\/fed-fede.ca\/wp-content\/uploads\/2015\/09\/Chacun-doit-se-sentir-en-s\u00e9curit\u00e9-sur-leau-et-dans-sa-communaut\u00e9.pdf\" target=\"_blank\" class=\"file document \" download><span class=\"icon icon-down-circled2\"><\/span><h5>Chacun doit se sentir en s\u00e9curit\u00e9 sur l'eau et dans sa communaut\u00e9<\/h5><div class=\"meta\">PDF, 128&nbsp;kB<\/div><\/a><a href=\"https:\/\/fed-fede.ca\/wp-content\/uploads\/2015\/09\/M\u00e9moireFRfinal_160210.pdf\" target=\"_blank\" class=\"file document descr\" download><span class=\"icon icon-down-circled2\"><\/span><h5>Vers un R\u00e9el changement pour les p\u00eaches ind\u00e9pendantes du Canada<\/h5><p class=\"desc\">M\u00e9moire de la F\u00e9d\u00e9ration \u00e0 l\u2019Honorable Hunter Tootoo, f\u00e9vrier 2016<\/p><div class=\"meta\">PDF, 971&nbsp;kB<\/div><\/a><a href=\"https:\/\/fed-fede.ca\/fr\/sondage-elections-2015\/\" target=\"_blank\" class=\"file document \" download><span class=\"icon icon-link-ext\"><\/span><h5>Sondage \u00c9lections 2015<\/h5><div class=\"meta\">Link<\/div><\/a><a href=\"https:\/\/fed-fede.ca\/wp-content\/uploads\/2015\/09\/RapportFinalForum141113.pdf\" target=\"_blank\" class=\"file document descr\" download><span class=\"icon icon-down-circled2\"><\/span><h5>Forum sur les politiques et Ateliers<\/h5><p class=\"desc\">En 2014-15 la F\u00e9d\u00e9ration a organis\u00e9 en collaboration avec le Minist\u00e8re des p\u00eaches et oc\u00e9ans un Forum sur les politiques et une s\u00e9rie d\u2019ateliers sur la politique du PIFPCAC, la gouvernance et le transfert interg\u00e9n\u00e9rationnel des permis. Voici le rapport de ces discussions.<br \/>\r\n<\/p><div class=\"meta\">PDF, 1.5&nbsp;MB<\/div><\/a><div class=\"file folder closed descr\"><div class=\"top\"><span class=\"icon icon-folder\"><\/span><h5>Consultation de 2012 du MPO sur l\u2019Avenir des p\u00eaches commerciales canadiennes<\/h5><p class=\"desc\">En janvier 2012 le Minist\u00e8re des p\u00eaches et oc\u00e9ans a \u00e9mis un document de discussions sur l\u2019avenir des p\u00eaches commerciales canadiennes qui a suscit\u00e9 \u00e9norm\u00e9ment d\u2019inqui\u00e9tudes aupr\u00e8s des flottilles de p\u00eacheurs ind\u00e9pendants. Voici le document de discussions du MPO ainsi que la r\u00e9ponse \u00e0 ce document pr\u00e9par\u00e9e par le Mouvement des p\u00eacheurs ind\u00e9pendants du Canada l\u2019organisme pr\u00e9d\u00e9cesseur de la F\u00e9d\u00e9ration.<\/p><div class=\"meta\"> 2 documents<\/div><\/div><div class=\"subfiles\"><a href=\"https:\/\/fed-fede.ca\/wp-content\/uploads\/2015\/09\/Document-de-discussions-sur-lavenir-des-p\u00e0ches.pdf\" target=\"_blank\" class=\"file subfile descr\" download><span class=\"icon icon-down-circled2\"><\/span><h5>Consultation de 2012 du MPO sur l\u2019Avenir des p\u00eaches commerciales canadiennes<\/h5><div class=\"meta\">PDF, 1.5&nbsp;MB<\/div><\/a><a href=\"https:\/\/fed-fede.ca\/wp-content\/uploads\/2015\/09\/FinalFR120703.pdf\" target=\"_blank\" class=\"file subfile descr\" download><span class=\"icon icon-down-circled2\"><\/span><h5>R\u00e9ponse des p\u00eacheurs \u00e0 la consultation du MPO de 2012 sur l'avenir des p\u00eaches canadiennes<\/h5><div class=\"meta\">PDF, 1.5&nbsp;MB<\/div><\/a><\/div><\/div><a href=\"https:\/\/fed-fede.ca\/wp-content\/uploads\/2015\/09\/Honourable-Dominic-LeBlanc-Speech-1.pdf\" target=\"_blank\" class=\"file document descr\" download><span class=\"icon icon-down-circled2\"><\/span><h5>Honourable LeBlanc's Speech<\/h5><p class=\"desc\">Honourable Dominic LeBlanc's speech given on July 25, 2017<\/p><div class=\"meta\">PDF, 300&nbsp;kB<\/div><\/a><\/div>\n","protected":false},"excerpt":{"rendered":"","protected":false},"author":2,"featured_media":0,"parent":0,"menu_order":0,"comment_status":"closed","ping_status":"closed","template":"","meta":{"footnotes":""},"class_list":["post-275","page","type-page","status-publish","hentry"],"_links":{"self":[{"href":"https:\/\/fed-fede.ca\/fr\/wp-json\/wp\/v2\/pages\/275","targetHints":{"allow":["GET"]}}],"collection":[{"href":"https:\/\/fed-fede.ca\/fr\/wp-json\/wp\/v2\/pages"}],"about":[{"href":"https:\/\/fed-fede.ca\/fr\/wp-json\/wp\/v2\/types\/page"}],"author":[{"embeddable":true,"href":"https:\/\/fed-fede.ca\/fr\/wp-json\/wp\/v2\/users\/2"}],"replies":[{"embeddable":true,"href":"https:\/\/fed-fede.ca\/fr\/wp-json\/wp\/v2\/comments?post=275"}],"version-history":[{"count":17,"href":"https:\/\/fed-fede.ca\/fr\/wp-json\/wp\/v2\/pages\/275\/revisions"}],"predecessor-version":[{"id":752,"href":"https:\/\/fed-fede.ca\/fr\/wp-json\/wp\/v2\/pages\/275\/revisions\/752"}],"wp:attachment":[{"href":"https:\/\/fed-fede.ca\/fr\/wp-json\/wp\/v2\/media?parent=275"}],"curies":[{"name":"wp","href":"https:\/\/api.w.org\/{rel}","templated":true}]}}