{"id":268,"date":"2015-09-29T17:21:46","date_gmt":"2015-09-29T17:21:46","guid":{"rendered":"http:\/\/fed-fede.ca\/fr\/?page_id=268"},"modified":"2015-09-29T17:24:17","modified_gmt":"2015-09-29T17:24:17","slug":"nos-membres","status":"publish","type":"page","link":"https:\/\/fed-fede.ca\/fr\/nos-membres\/","title":{"rendered":"Nos Membres"},"content":{"rendered":"<h3>Membres<\/h3>\n<p>Les membres de la F\u00e9d\u00e9ration sont des organisations de p\u00eacheurs ind\u00e9pendants.<\/p>\n<p>Pour devenir membre, une organisation de p\u00eacheurs doit \u00eatre constitu\u00e9e l\u00e9galement, et le pouvoir doit y \u00eatre exerc\u00e9 d\u00e9mocratiquement par les p\u00eacheurs. L\u2019organisation doit avoir des statuts ou des r\u00e8glements administratifs, ou les deux, des cotisations et des dirigeants \u00e9lus, et elle doit tenir p\u00e9riodiquement des assembl\u00e9es des membres ou \u00eatre reconnue par les lois provinciales. Il peut s\u2019agir d\u2019un groupe-cadre ou d\u2019une f\u00e9d\u00e9ration qui englobe plus d\u2019une organisation de p\u00eacheurs. Les organisations dont sont membres des entreprises de transformation de poisson ou des acheteurs de poisson qui sont autoris\u00e9s \u00e0 si\u00e9ger comme dirigeants ne peuvent pas adh\u00e9rer \u00e0 la F\u00e9d\u00e9ration.<strong>\u00a0<\/strong><\/p>\n<h3>Demande d\u2019adh\u00e9sion<\/h3>\n<p>Les organisations de p\u00eacheurs doivent faire une demande par \u00e9crit pour adh\u00e9rer \u00e0 la F\u00e9d\u00e9ration. Elles doivent remplir \u00e0 cette fin un formulaire de demande qui comprend une description de l\u2019organisation demandeuse, notamment sa port\u00e9e g\u00e9ographique, le ou les secteurs de flottille compris, une description des p\u00eacheurs qui en sont membres (propri\u00e9taires-exploitants, membres d\u2019\u00e9quipage, aides, etc.) ainsi que le nombre de membres. La demande doit \u00eatre accompagn\u00e9e d\u2019un ch\u00e8que du montant de la cotisation, calcul\u00e9e selon la formule applicable \u00e0 la province.<\/p>\n<p>Pour obtenir un formulaire de demande ou vous renseigner sur l\u2019adh\u00e9sion \u00e0 la F\u00e9d\u00e9ration, veuillez \u00e9crire \u00e0\u00a0<span id=\"69f05d3c2fae368e000a4ea5f711fd18\"><\/span><script>$(\"#69f05d3c2fae368e000a4ea5f711fd18\").html(String.fromCharCode(60,97,32,104,114,101,102,61,34,109,97,105,108,116,111,58,105,110,102,111,64,102,101,100,45,102,101,100,101,46,99,97,34,32,116,105,116,108,101,61,34,83,101,110,100,32,97,110,32,101,109,97,105,108,32,116,111,32,105,110,102,111,64,102,101,100,45,102,101,100,101,46,99,97,34,62,105,110,102,111,64,102,101,100,45,102,101,100,101,46,99,97,60,47,97,62));<\/script>.<\/p>\n<h3>Nos membres<\/h3>\n<div id=\"members\" class=\"showlogos nodesc\"><div class=\"province province-BC\"><h4>Colombie-Britannique<\/h4><ul class=\"provincelist\"><li class=\"member mod3 mod2\"><a class=\"image\" target=\"_blank\" style=\"background-image:url(https:\/\/fed-fede.ca\/wp-content\/uploads\/2015\/10\/boat_logo.png);\"><\/a><div class=\"content\"><h5>Area A Crab Fishermen's Association<\/h5><\/div><div class=\"clear\"><\/div><\/li><li class=\"member \"><a class=\"image\" target=\"_blank\" style=\"background-image:url(https:\/\/fed-fede.ca\/wp-content\/uploads\/2015\/10\/boat_logo.png);\"><\/a><div class=\"content\"><h5>BC Longline Fishermen's Association<\/h5><\/div><div class=\"clear\"><\/div><\/li><li class=\"member mod2\"><a class=\"image\" target=\"_blank\" style=\"background-image:url(https:\/\/fed-fede.ca\/wp-content\/uploads\/2015\/10\/boat_logo.png);\"><\/a><div class=\"content\"><h5>BC Shrimp Trawl Association<\/h5><\/div><div class=\"clear\"><\/div><\/li><li class=\"member mod3\"><a class=\"image\" target=\"_blank\" style=\"background-image:url(https:\/\/fed-fede.ca\/wp-content\/uploads\/2015\/09\/ufawu.png);\"><\/a><div class=\"content\"><h5>United Fishermen and Allied Workers Union<\/h5><\/div><div class=\"clear\"><\/div><\/li><\/ul><div class=\"clear\"><\/div><\/div><div class=\"province province-NB\"><h4>Nouveau-Brunswick<\/h4><ul class=\"provincelist\"><li class=\"member mod3 mod2\"><a class=\"image\" href=\"http:\/\/www.frapp.org\" target=\"_blank\" style=\"background-image:url(https:\/\/fed-fede.ca\/wp-content\/uploads\/2015\/09\/LogoFrapp.png);\"><\/a><div class=\"content\"><h5><a href=\"http:\/\/www.frapp.org\" target=\"_blank\">F\u00e9d\u00e9ration r\u00e9gionale acadienne des p\u00eacheurs professionnels<span class=\"icon icon-link-ext\"><\/span><\/a><\/h5><\/div><div class=\"clear\"><\/div><\/li><li class=\"member \"><a class=\"image\" href=\"http:\/\/www.fundynorth.org\/\" target=\"_blank\" style=\"background-image:url(https:\/\/fed-fede.ca\/wp-content\/uploads\/2015\/09\/logo.png);\"><\/a><div class=\"content\"><h5><a href=\"http:\/\/www.fundynorth.org\/\" target=\"_blank\">Fundy North Fishermen's Association<span class=\"icon icon-link-ext\"><\/span><\/a><\/h5><\/div><div class=\"clear\"><\/div><\/li><li class=\"member mod2\"><a class=\"image\" href=\"http:\/\/gmfa.nb.ca\/\" target=\"_blank\" style=\"background-image:url(https:\/\/fed-fede.ca\/wp-content\/uploads\/2015\/09\/GMFA-logo-Color.jpg);\"><\/a><div class=\"content\"><h5><a href=\"http:\/\/gmfa.nb.ca\/\" target=\"_blank\">Grand Manan Fishermen's Association<span class=\"icon icon-link-ext\"><\/span><\/a><\/h5><\/div><div class=\"clear\"><\/div><\/li><li class=\"member mod3\"><a class=\"image\" target=\"_blank\" style=\"background-image:url(https:\/\/fed-fede.ca\/wp-content\/uploads\/2015\/09\/logoUPM_petit2-200x72.jpg);\"><\/a><div class=\"content\"><h5>Union des p\u00eacheurs des Maritimes \/ Maritime Fishermen\u2019s Union<\/h5><\/div><div class=\"clear\"><\/div><\/li><\/ul><div class=\"clear\"><\/div><\/div><div class=\"province province-NL\"><h4>Terre-Neuve-et-Labrador<\/h4><ul class=\"provincelist\"><li class=\"member mod3 mod2\"><a class=\"image\" href=\"http:\/\/www.ffaw.nf.ca\/\" target=\"_blank\" style=\"background-image:url(https:\/\/fed-fede.ca\/wp-content\/uploads\/2015\/09\/UNIFOR-FFAW-RGB-200x82.jpg);\"><\/a><div class=\"content\"><h5><a href=\"http:\/\/www.ffaw.nf.ca\/\" target=\"_blank\">Fish, Food & Allied Workers<span class=\"icon icon-link-ext\"><\/span><\/a><\/h5><\/div><div class=\"clear\"><\/div><\/li><\/ul><div class=\"clear\"><\/div><\/div><div class=\"province province-NS\"><h4>Nouvelle-\u00c9cosse<\/h4><ul class=\"provincelist\"><li class=\"member mod3 mod2\"><a class=\"image\" href=\"http:\/\/capebretonlobster.com\" target=\"_blank\" style=\"background-image:url(https:\/\/fed-fede.ca\/wp-content\/uploads\/2015\/09\/CBFHA-Logo-200x200.png);\"><\/a><div class=\"content\"><h5><a href=\"http:\/\/capebretonlobster.com\" target=\"_blank\">Cape Breton Fish Harvesters Association<span class=\"icon icon-link-ext\"><\/span><\/a><\/h5><\/div><div class=\"clear\"><\/div><\/li><li class=\"member \"><a class=\"image\" target=\"_blank\" style=\"background-image:url(https:\/\/fed-fede.ca\/wp-content\/uploads\/2015\/09\/easternshore.png);\"><\/a><div class=\"content\"><h5>Eastern Shore Fishermen's Protective Association<\/h5><\/div><div class=\"clear\"><\/div><\/li><li class=\"member mod2\"><a class=\"image\" href=\"http:\/\/www.gcifa.ns.ca\/Home.html\" target=\"_blank\" style=\"background-image:url(https:\/\/fed-fede.ca\/wp-content\/uploads\/2015\/09\/guysborough.png);\"><\/a><div class=\"content\"><h5><a href=\"http:\/\/www.gcifa.ns.ca\/Home.html\" target=\"_blank\">Guysborough Co Inshore Fishermen's Association<span class=\"icon icon-link-ext\"><\/span><\/a><\/h5><\/div><div class=\"clear\"><\/div><\/li><li class=\"member mod3\"><a class=\"image\" target=\"_blank\" style=\"background-image:url(https:\/\/fed-fede.ca\/wp-content\/uploads\/2015\/10\/boat_logo.png);\"><\/a><div class=\"content\"><h5>Halifax West Fishermen\u2019s Association<\/h5><\/div><div class=\"clear\"><\/div><\/li><li class=\"member mod2\"><a class=\"image\" target=\"_blank\" style=\"background-image:url(https:\/\/fed-fede.ca\/wp-content\/uploads\/2015\/09\/logoUPM_petit22-200x72.jpg);\"><\/a><div class=\"content\"><h5>Maritime Fishermen's Union Local 9<\/h5><\/div><div class=\"clear\"><\/div><\/li><li class=\"member \"><a class=\"image\" href=\"http:\/\/mfu6.com\/\" target=\"_blank\" style=\"background-image:url(https:\/\/fed-fede.ca\/wp-content\/uploads\/2015\/09\/logoUPM_petit21-200x72.jpg);\"><\/a><div class=\"content\"><h5><a href=\"http:\/\/mfu6.com\/\" target=\"_blank\">Maritime Fishermen\u2019s Union Local 6<span class=\"icon icon-link-ext\"><\/span><\/a><\/h5><\/div><div class=\"clear\"><\/div><\/li><li class=\"member mod3 mod2\"><a class=\"image\" target=\"_blank\" style=\"background-image:url(https:\/\/fed-fede.ca\/wp-content\/uploads\/2015\/10\/boat_logo.png);\"><\/a><div class=\"content\"><h5>Richmond County Fishermen\u2019s Association<\/h5><\/div><div class=\"clear\"><\/div><\/li><\/ul><div class=\"clear\"><\/div><\/div><div class=\"province province-PE\"><h4>l'\u00eele du Prince-\u00c9douard<\/h4><ul class=\"provincelist\"><li class=\"member mod3 mod2\"><a class=\"image\" target=\"_blank\" style=\"background-image:url(https:\/\/fed-fede.ca\/wp-content\/uploads\/2015\/10\/boat_logo.png);\"><\/a><div class=\"content\"><h5>Prince Edward Island Fishermen's Association<\/h5><\/div><div class=\"clear\"><\/div><\/li><\/ul><div class=\"clear\"><\/div><\/div><div class=\"province province-QC\"><h4>Qu\u00e9bec<\/h4><ul class=\"provincelist\"><li class=\"member parent\"><a class=\"image\" target=\"_blank\" style=\"background-image:url(https:\/\/fed-fede.ca\/wp-content\/uploads\/2015\/09\/Alliance-des-p\u00eacheurslogo-200x166.jpg);\"><\/a><div class=\"content\"><h5>Alliance des P\u00eacheurs Professionnels du Qu\u00e9bec<\/h5><ul class=\"children\"><li class=\"child\"><a class=\"image\" target=\"_blank\" style=\"background-image:url(https:\/\/fed-fede.ca\/wp-content\/uploads\/2015\/10\/boat_logo.png);\"><\/a><h6>Association des p\u00eacheurs propri\u00e9taires des Iles de la Madeleine<\/h6><\/li><li class=\"child\"><a class=\"image\" target=\"_blank\" style=\"background-image:url(https:\/\/fed-fede.ca\/wp-content\/uploads\/2015\/10\/boat_logo.png);\"><\/a><h6>Regroupement des p\u00eacheurs professionnels de la moyenne et haute c\u00f4te-nord<\/h6><\/li><li class=\"child\"><a class=\"image\" target=\"_blank\" style=\"background-image:url(https:\/\/fed-fede.ca\/wp-content\/uploads\/2015\/09\/logo-RPPSG-200x200.png);\"><\/a><h6><a href=\"http:\/\/monhomard.ca\" target=\"_blank\">Regroupement des P\u00eacheurs Professionnels Du Sud de la Gasp\u00e9sie Inc.<span class=\"icon icon-link-ext\"><\/span><\/a><\/h6><\/li><\/ul><\/div><div class=\"clear\"><\/div><\/li><li class=\"member parent\"><a class=\"image\" target=\"_blank\" style=\"background-image:url(https:\/\/fed-fede.ca\/wp-content\/uploads\/2015\/10\/boat_logo.png);\"><\/a><div class=\"content\"><h5>F\u00e9d\u00e9ration des p\u00eacheurs semi-hauturiers du Qu\u00e9bec<\/h5><ul class=\"children\"><li class=\"child\"><a class=\"image\" target=\"_blank\" style=\"background-image:url(https:\/\/fed-fede.ca\/wp-content\/uploads\/2015\/09\/acpg.png);\"><\/a><h6><a href=\"http:\/\/www.acpgaspesie.com\" target=\"_blank\">Association des capitaines propri\u00e9taire de la Gasp\u00e9sie<span class=\"icon icon-link-ext\"><\/span><\/a><\/h6><\/li><li class=\"child\"><a class=\"image\" target=\"_blank\" style=\"background-image:url(https:\/\/fed-fede.ca\/wp-content\/uploads\/2015\/10\/boat_logo.png);\"><\/a><h6>Association des crabiers des Iles de la Madeleine<\/h6><\/li><li class=\"child\"><a class=\"image\" target=\"_blank\" style=\"background-image:url(https:\/\/fed-fede.ca\/wp-content\/uploads\/2015\/10\/boat_logo.png);\"><\/a><h6>Association des crabiers gasp\u00e9siens<\/h6><\/li><\/ul><\/div><div class=\"clear\"><\/div><\/li><\/ul><div class=\"clear\"><\/div><\/div><div class=\"clear\"><\/div><\/div>\n","protected":false},"excerpt":{"rendered":"<p>Membres Les membres de la F\u00e9d\u00e9ration sont des organisations de p\u00eacheurs ind\u00e9pendants. Pour devenir membre, une organisation de p\u00eacheurs doit \u00eatre constitu\u00e9e l\u00e9galement, et le pouvoir doit y \u00eatre exerc\u00e9 d\u00e9mocratiquement par les p\u00eacheurs. L\u2019organisation doit avoir des statuts ou des r\u00e8glements administratifs, ou les deux, des cotisations et des dirigeants \u00e9lus, et elle doit [&hellip;]<\/p>\n","protected":false},"author":2,"featured_media":0,"parent":0,"menu_order":0,"comment_status":"closed","ping_status":"closed","template":"page_hanging.php","meta":{"footnotes":""},"class_list":["post-268","page","type-page","status-publish","hentry"],"_links":{"self":[{"href":"https:\/\/fed-fede.ca\/fr\/wp-json\/wp\/v2\/pages\/268","targetHints":{"allow":["GET"]}}],"collection":[{"href":"https:\/\/fed-fede.ca\/fr\/wp-json\/wp\/v2\/pages"}],"about":[{"href":"https:\/\/fed-fede.ca\/fr\/wp-json\/wp\/v2\/types\/page"}],"author":[{"embeddable":true,"href":"https:\/\/fed-fede.ca\/fr\/wp-json\/wp\/v2\/users\/2"}],"replies":[{"embeddable":true,"href":"https:\/\/fed-fede.ca\/fr\/wp-json\/wp\/v2\/comments?post=268"}],"version-history":[{"count":3,"href":"https:\/\/fed-fede.ca\/fr\/wp-json\/wp\/v2\/pages\/268\/revisions"}],"predecessor-version":[{"id":271,"href":"https:\/\/fed-fede.ca\/fr\/wp-json\/wp\/v2\/pages\/268\/revisions\/271"}],"wp:attachment":[{"href":"https:\/\/fed-fede.ca\/fr\/wp-json\/wp\/v2\/media?parent=268"}],"curies":[{"name":"wp","href":"https:\/\/api.w.org\/{rel}","templated":true}]}}