{"id":260,"date":"2015-09-29T17:17:53","date_gmt":"2015-09-29T17:17:53","guid":{"rendered":"http:\/\/fed-fede.ca\/fr\/?page_id=260"},"modified":"2015-10-05T11:51:21","modified_gmt":"2015-10-05T11:51:21","slug":"objectifs","status":"publish","type":"page","link":"https:\/\/fed-fede.ca\/fr\/objectifs\/","title":{"rendered":"Objectifs"},"content":{"rendered":"<h3>Les objectifs de la F\u00e9d\u00e9ration<\/h3>\n<p>La F\u00e9d\u00e9ration des p\u00eacheurs ind\u00e9pendants du Canada est l\u2019organisme qui repr\u00e9sente les associations de p\u00eacheurs propri\u00e9taires-exploitants \u00e0 l\u2019\u00e9chelle national. Son principal objectif est de prot\u00e9ger et de renforcer les politiques qui font des p\u00eacheurs ind\u00e9pendants la pierre angulaire des p\u00eaches canadiennes.<\/p>\n<p>Les membres de la F\u00e9d\u00e9ration partagent une vision commune de la durabilit\u00e9 des p\u00eaches, qui repose sur la p\u00e9rennit\u00e9 des ressources halieutiques du Canada ainsi que la viabilit\u00e9 \u00e9conomique et la prosp\u00e9rit\u00e9 des p\u00eacheurs ind\u00e9pendants et des collectivit\u00e9s auxquelles ils appartiennent.<\/p>\n<p>La F\u00e9d\u00e9ration pr\u00f4ne une v\u00e9ritable intendance partag\u00e9e entre les organisations de p\u00eacheurs et le gouvernement dans la gestion des p\u00eaches au Canada. En outre, elle organise des r\u00e9unions, commande des \u00e9tudes, pr\u00e9pare des publications et tisse des liens avec des organismes dont les buts sont compatibles avec les siens afin de promouvoir sa vision\u00a0: une p\u00eache ind\u00e9pendante bien vivante et des collectivit\u00e9s de p\u00eacheurs vigoureuses.<\/p>\n<h3>Les principales politiques soutenues par la F\u00e9d\u00e9ration<\/h3>\n<p>La F\u00e9d\u00e9ration estime que des politiques nationales coh\u00e9rentes sur les permis de p\u00eache commerciale sont n\u00e9cessaires pour que les b\u00e9n\u00e9fices tir\u00e9s des ressources halieutiques pr\u00e9cieuses et abondantes du Canada reviennent aux p\u00eacheurs. Elle est d\u2019avis que l\u2019approche du propri\u00e9taire-exploitant ind\u00e9pendant est la plus avantageuse, tant sur le plan socio\u00e9conomique que celui de la conservation, pour l\u2019ensemble du Canada et principalement pour ses collectivit\u00e9s c\u00f4ti\u00e8res.<\/p>\n<p>Dans les provinces de l\u2019<strong>Atlantique et au Qu\u00e9bec<\/strong>, la F\u00e9d\u00e9ration d\u00e9fend une s\u00e9rie de mesures strat\u00e9giques visant \u00e0 faire en sorte que la richesse et la valeur d\u00e9coulant des permis et quotas de p\u00eache restent entre les mains et sous l\u2019influence des p\u00eacheurs des collectivit\u00e9s du Canada atlantique.<\/p>\n<p>La <strong>politique de s\u00e9paration de la flottille,<\/strong> instaur\u00e9e en 1979, s\u2019applique aux bateaux de p\u00eache de moins de 65\u00a0pieds de longueur. Elle \u00e9tablit, pour cette flottille, une s\u00e9paration entre le secteur de la p\u00eache et celui de la transformation en interdisant aux transformateurs de poisson et aux grandes soci\u00e9t\u00e9s de poss\u00e9der des permis de p\u00eache ou d\u2019exercer une influence \u00e0 leur \u00e9gard dans ce qu\u2019on appelle le \u00ab\u00a0secteur du noyau ind\u00e9pendant\u00a0\u00bb.<\/p>\n<p>La <strong>politique du propri\u00e9taire-exploitant<\/strong>, en vigueur dans l\u2019Atlantique et au Qu\u00e9bec depuis 1989, exige que les titulaires de permis appartenant au secteur du noyau ind\u00e9pendant soient pr\u00e9sents \u00e0 bord de leur bateau et participent personnellement \u00e0 la p\u00eache.<\/p>\n<p>La politique <strong><em><a href=\"http:\/\/www.dfo-mpo.gc.ca\/fm-gp\/initiatives\/piifcaf-pifpcca\/piifcaf-policy-politique-pifpcca-fra.htm\" target=\"_blank\">Pr\u00e9server l\u2019ind\u00e9pendance de la flottille de p\u00eache c\u00f4ti\u00e8re dans l\u2019Atlantique canadien<\/a><\/em><\/strong>, ou PIFPCAC, vise quant \u00e0 elle \u00e0 mettre un terme aux violations des politiques du propri\u00e9taire-exploitant et de la s\u00e9paration de la flottille, \u00e0 pr\u00e9server l\u2019ind\u00e9pendance des p\u00eacheurs c\u00f4tiers et \u00e0 faire en sorte que les b\u00e9n\u00e9fices d\u00e9coulant des permis de p\u00eache profitent aux p\u00eacheurs et aux collectivit\u00e9s c\u00f4ti\u00e8res de l\u2019Atlantique.<\/p>\n<p>En <strong>Colombie-Britannique<\/strong>, o\u00f9 il n\u2019existe pas de politiques pour prot\u00e9ger les propri\u00e9taires-exploitants ou les int\u00e9r\u00eats des collectivit\u00e9s de p\u00eacheurs, la concentration des permis et des quotas de p\u00eache dans les mains des transformateurs de poisson et d\u2019autres investisseurs nuit \u00e0 la viabilit\u00e9 \u00e9conomique de la p\u00eache en tant que profession ainsi qu\u2019\u00e0 l\u2019\u00e9conomie des collectivit\u00e9s de p\u00eacheurs. La F\u00e9d\u00e9ration et ses membres militent pour qu\u2019on accorde aux p\u00eacheurs de cette province un traitement \u00e9quivalant \u00e0 celui des p\u00eacheurs de l\u2019Atlantique et qu\u2019on leur donne la possibilit\u00e9 d\u2019\u00e9laborer des politiques garantissant que les b\u00e9n\u00e9fices d\u00e9coulant des permis et quotas de p\u00eache reviendront aux p\u00eacheurs actifs ind\u00e9pendants qui vivent dans les collectivit\u00e9s c\u00f4ti\u00e8res.<\/p>\n","protected":false},"excerpt":{"rendered":"<p>Les objectifs de la F\u00e9d\u00e9ration La F\u00e9d\u00e9ration des p\u00eacheurs ind\u00e9pendants du Canada est l\u2019organisme qui repr\u00e9sente les associations de p\u00eacheurs propri\u00e9taires-exploitants \u00e0 l\u2019\u00e9chelle national. Son principal objectif est de prot\u00e9ger et de renforcer les politiques qui font des p\u00eacheurs ind\u00e9pendants la pierre angulaire des p\u00eaches canadiennes. Les membres de la F\u00e9d\u00e9ration partagent une vision commune [&hellip;]<\/p>\n","protected":false},"author":2,"featured_media":0,"parent":0,"menu_order":0,"comment_status":"closed","ping_status":"closed","template":"page_hanging.php","meta":{"footnotes":""},"class_list":["post-260","page","type-page","status-publish","hentry"],"_links":{"self":[{"href":"https:\/\/fed-fede.ca\/fr\/wp-json\/wp\/v2\/pages\/260","targetHints":{"allow":["GET"]}}],"collection":[{"href":"https:\/\/fed-fede.ca\/fr\/wp-json\/wp\/v2\/pages"}],"about":[{"href":"https:\/\/fed-fede.ca\/fr\/wp-json\/wp\/v2\/types\/page"}],"author":[{"embeddable":true,"href":"https:\/\/fed-fede.ca\/fr\/wp-json\/wp\/v2\/users\/2"}],"replies":[{"embeddable":true,"href":"https:\/\/fed-fede.ca\/fr\/wp-json\/wp\/v2\/comments?post=260"}],"version-history":[{"count":4,"href":"https:\/\/fed-fede.ca\/fr\/wp-json\/wp\/v2\/pages\/260\/revisions"}],"predecessor-version":[{"id":388,"href":"https:\/\/fed-fede.ca\/fr\/wp-json\/wp\/v2\/pages\/260\/revisions\/388"}],"wp:attachment":[{"href":"https:\/\/fed-fede.ca\/fr\/wp-json\/wp\/v2\/media?parent=260"}],"curies":[{"name":"wp","href":"https:\/\/api.w.org\/{rel}","templated":true}]}}